{"id":121,"date":"2025-03-12T19:26:44","date_gmt":"2025-03-12T19:26:44","guid":{"rendered":"https:\/\/www.dragon-fly.rs\/?page_id=121"},"modified":"2026-01-29T16:30:07","modified_gmt":"2026-01-29T15:30:07","slug":"kontakt","status":"publish","type":"page","link":"https:\/\/dronusluge.com\/sr\/kontakt\/","title":{"rendered":"Kontakt"},"content":{"rendered":"\t\t<div data-elementor-type=\"wp-page\" data-elementor-id=\"121\" class=\"elementor elementor-121\">\n\t\t\t\t<div class=\"elementor-element elementor-element-35bd122 e-flex e-con-boxed e-con e-parent\" data-id=\"35bd122\" data-element_type=\"container\">\n\t\t\t\t\t<div class=\"e-con-inner\">\n\t\t\t\t<div class=\"elementor-element elementor-element-ae2246b elementor-widget elementor-widget-html\" data-id=\"ae2246b\" data-element_type=\"widget\" data-widget_type=\"html.default\">\n\t\t\t\t<div class=\"elementor-widget-container\">\n\t\t\t\t\t<!-- GOOGLE IKONE (OBAVEZNO U HEAD-u) -->\r\n<link href=\"https:\/\/fonts.googleapis.com\/css2?family=Material+Symbols+Outlined\" rel=\"stylesheet\" \/>\r\n\r\n<!-- KONTAKT SEKCIJA -->\r\n<section style=\"padding: 60px 20px; font-family: 'Open Sans', sans-serif;\">\r\n  <div style=\"text-align: center; margin-bottom: 40px;\">\r\n    <h1 style=\"font-size: 36px; margin-bottom: 10px;\">Kontaktirajte nas<\/h1>\r\n    <p style=\"font-size: 17px; color: #444;\">\r\n      Zainteresovani ste za <strong>termovizijsko<\/strong>, <strong>multispektralno<\/strong> ili \r\n      <strong>vizuelno snimanje dronom<\/strong>? Po\u0161aljite nam upit i odgovori\u0107emo u najkra\u0107em roku. \r\n      Tako\u0111e smo dostupni i putem <strong>WhatsApp-a<\/strong>.\r\n    <\/p>\r\n  <\/div>\r\n\r\n  <div style=\"display: flex; flex-wrap: wrap; gap: 40px; max-width: 1100px; margin: auto; align-items: flex-start;\">\r\n    <!-- LEVA STRANA -->\r\n    <div style=\"flex: 1; min-width: 280px;\">\r\n      <h2 style=\"font-size: 24px; margin-bottom: 20px;\">Kontakt informacije<\/h2>\r\n      <p style=\"line-height: 1.6; font-size: 16px;\">\r\n        Mo\u017eete nas kontaktirati putem telefona ili mejla, a za nove projekte i saradnje rado zakazujemo besplatne konsultacije. \r\n        Pratite nas i na dru\u0161tvenim mre\u017eama kako biste bili u toku sa najnovijim uslugama i tehnologijama koje primenjujemo.\r\n      <\/p>\r\n\r\n      <p style=\"margin-top: 20px;\">\r\n        \ud83d\udcde <strong> (Srbija):<\/strong> +381 60 1570990<br>\r\n        \ud83d\udcde <strong> (BiH):<\/strong> +387 65 991535<br>\r\n        \ud83d\udce7 <strong>E-mail:<\/strong> info@dragon-fly.rs\r\n      <\/p>\r\n\r\n      <h3 style=\"margin-top: 30px; font-size: 18px;\">Zapratite nas:<\/h3>\r\n      <div style=\"margin-top: 20px;\">\r\n        <div style=\"display: flex; gap: 14px; margin-top: 10px;\">\r\n          <a href=\"https:\/\/api.whatsapp.com\/send\/?phone=381601570990&amp;text&amp;type=phone_number&amp;app_absent=0\" target=\"_blank\" rel=\"noopener\">\r\n            <img decoding=\"async\" src=\"https:\/\/cdn-icons-png.flaticon.com\/512\/733\/733585.png\" alt=\"WhatsApp\" style=\"width: 36px; height: 36px;\">\r\n          <\/a>\r\n          <a href=\"https:\/\/www.linkedin.com\/company\/105115929\/admin\/dashboard\/\" target=\"_blank\" rel=\"noopener\">\r\n            <img decoding=\"async\" src=\"https:\/\/cdn-icons-png.flaticon.com\/512\/3536\/3536505.png\" alt=\"LinkedIn\" style=\"width: 36px; height: 36px;\">\r\n          <\/a>\r\n          <a href=\"https:\/\/www.instagram.com\/dragonfly.rs\" target=\"_blank\" rel=\"noopener\">\r\n            <img decoding=\"async\" src=\"https:\/\/cdn-icons-png.flaticon.com\/512\/1384\/1384063.png\" alt=\"Instagram\" style=\"width: 36px; height: 36px;\">\r\n          <\/a>\r\n          <a href=\"https:\/\/www.facebook.com\/profile.php?id=61566400857244\" target=\"_blank\" rel=\"noopener\">\r\n            <img decoding=\"async\" src=\"https:\/\/cdn-icons-png.flaticon.com\/512\/733\/733547.png\" alt=\"Facebook\" style=\"width: 36px; height: 36px;\">\r\n          <\/a>\r\n          <a href=\"https:\/\/www.tiktok.com\/@dragonfly.rs\" target=\"_blank\" rel=\"noopener\">\r\n            <img decoding=\"async\" src=\"https:\/\/cdn-icons-png.flaticon.com\/512\/3046\/3046122.png\" alt=\"TikTok\" style=\"width: 36px; height: 36px;\">\r\n          <\/a>\r\n        <\/div>\r\n      <\/div>\r\n\r\n      <div style=\"margin-top: 30px;\">\r\n        <iframe \r\n          src=\"https:\/\/www.google.com\/maps?q=Mornarska+55,+Novi+Sad&output=embed\" \r\n          width=\"100%\" \r\n          height=\"400\" \r\n          style=\"border:0; border-radius: 12px;\" \r\n          allowfullscreen \r\n          loading=\"lazy\">\r\n        <\/iframe>\r\n      <\/div>\r\n    <\/div>\r\n\r\n    <!-- DESNA STRANA - FORMA -->\r\n    <div style=\"flex: 1; min-width: 300px; background-color: #f9f9f9; padding: 30px; border-radius: 12px; box-shadow: 0 4px 14px rgba(0,0,0,0.05);\">\r\n      \n<div class=\"wpcf7 no-js\" id=\"wpcf7-f371-o1\" lang=\"bs-BA\" dir=\"ltr\" data-wpcf7-id=\"371\">\n<div class=\"screen-reader-response\"><p role=\"status\" aria-live=\"polite\" aria-atomic=\"true\"><\/p> <ul><\/ul><\/div>\n<form action=\"\/sr\/wp-json\/wp\/v2\/pages\/121#wpcf7-f371-o1\" method=\"post\" class=\"wpcf7-form init\" aria-label=\"Kontakt obrazac\" enctype=\"multipart\/form-data\" novalidate=\"novalidate\" data-status=\"init\">\n<div style=\"display: none;\">\n<input type=\"hidden\" name=\"_wpcf7\" value=\"371\" \/>\n<input type=\"hidden\" name=\"_wpcf7_version\" value=\"6.0.5\" \/>\n<input type=\"hidden\" name=\"_wpcf7_locale\" value=\"bs_BA\" \/>\n<input type=\"hidden\" name=\"_wpcf7_unit_tag\" value=\"wpcf7-f371-o1\" \/>\n<input type=\"hidden\" name=\"_wpcf7_container_post\" value=\"0\" \/>\n<input type=\"hidden\" name=\"_wpcf7_posted_data_hash\" value=\"\" \/>\n<input type=\"hidden\" name=\"_wpcf7_recaptcha_response\" value=\"\" \/>\n<\/div>\n<div class=\"form-group\">\n\t<p><label for=\"first-name\">Ime *<\/label><br \/>\n<span class=\"wpcf7-form-control-wrap\" data-name=\"first-name\"><input size=\"40\" maxlength=\"400\" class=\"wpcf7-form-control wpcf7-text wpcf7-validates-as-required\" id=\"first-name\" aria-required=\"true\" aria-invalid=\"false\" placeholder=\"Unesite ime\" value=\"\" type=\"text\" name=\"first-name\" \/><\/span>\n\t<\/p>\n<\/div>\n<div class=\"form-group\">\n\t<p><label for=\"last-name\">Prezime *<\/label><br \/>\n<span class=\"wpcf7-form-control-wrap\" data-name=\"last-name\"><input size=\"40\" maxlength=\"400\" class=\"wpcf7-form-control wpcf7-text wpcf7-validates-as-required\" id=\"last-name\" aria-required=\"true\" aria-invalid=\"false\" placeholder=\"Unesite prezime\" value=\"\" type=\"text\" name=\"last-name\" \/><\/span>\n\t<\/p>\n<\/div>\n<div class=\"form-group\">\n\t<p><label for=\"company-name\">Va\u0161a kompanija<\/label><br \/>\n<span class=\"wpcf7-form-control-wrap\" data-name=\"company-name\"><input size=\"40\" maxlength=\"400\" class=\"wpcf7-form-control wpcf7-text\" id=\"company-name\" aria-invalid=\"false\" placeholder=\"Naziv kompanije\" value=\"\" type=\"text\" name=\"company-name\" \/><\/span>\n\t<\/p>\n<\/div>\n<div class=\"form-group\">\n\t<p><label for=\"your-email\">E-mail *<\/label><br \/>\n<span class=\"wpcf7-form-control-wrap\" data-name=\"your-email\"><input size=\"40\" maxlength=\"400\" class=\"wpcf7-form-control wpcf7-email wpcf7-validates-as-required wpcf7-text wpcf7-validates-as-email\" id=\"your-email\" aria-required=\"true\" aria-invalid=\"false\" placeholder=\"Va\u0161a e-mail adresa\" value=\"\" type=\"email\" name=\"your-email\" \/><\/span>\n\t<\/p>\n<\/div>\n<div class=\"form-group\">\n\t<p><label for=\"your-phone\">Kontakt telefon *<\/label><br \/>\n<span class=\"wpcf7-form-control-wrap\" data-name=\"your-phone\"><input size=\"40\" maxlength=\"400\" class=\"wpcf7-form-control wpcf7-tel wpcf7-validates-as-required wpcf7-text wpcf7-validates-as-tel\" id=\"your-phone\" aria-required=\"true\" aria-invalid=\"false\" placeholder=\"+387 61 123 456\" value=\"\" type=\"tel\" name=\"your-phone\" \/><\/span>\n\t<\/p>\n<\/div>\n<div class=\"form-group\">\n\t<p><label for=\"usluga\">Izaberite uslugu *<\/label><br \/>\n<span class=\"wpcf7-form-control-wrap\" data-name=\"usluga\"><select class=\"wpcf7-form-control wpcf7-select wpcf7-validates-as-required\" id=\"usluga\" aria-required=\"true\" aria-invalid=\"false\" name=\"usluga\"><option value=\"Molimo odaberite\">Molimo odaberite<\/option><option value=\"Termovizijsko snimanje\">Termovizijsko snimanje<\/option><option value=\"Analiza useva - Precizna poljoprivreda\">Analiza useva - Precizna poljoprivreda<\/option><option value=\"Inspekcijsko snimanje\">Inspekcijsko snimanje<\/option><option value=\"Ortofoto mapiranje\">Ortofoto mapiranje<\/option><option value=\"3D modeliranje\">3D modeliranje<\/option><option value=\"Prskanje - sen\u010denje dronom\">Prskanje - sen\u010denje dronom<\/option><option value=\"Drugo\">Drugo<\/option><\/select><\/span>\n\t<\/p>\n<\/div>\n<div class=\"form-group\">\n\t<p><label for=\"your-message\">Va\u0161a poruka *<\/label><br \/>\n<span class=\"wpcf7-form-control-wrap\" data-name=\"your-message\"><textarea cols=\"40\" rows=\"10\" maxlength=\"500\" class=\"wpcf7-form-control wpcf7-textarea wpcf7-validates-as-required\" id=\"your-message\" aria-required=\"true\" aria-invalid=\"false\" placeholder=\"Napi\u0161ite poruku ovde\" name=\"your-message\"><\/textarea><\/span>\n\t<\/p>\n<\/div>\n<div class=\"form-group\">\n\t<p><label for=\"file-upload\">Prilo\u017eite fajl (opciono)<\/label><br \/>\n<span class=\"wpcf7-form-control-wrap\" data-name=\"file-upload\"><input size=\"40\" class=\"wpcf7-form-control wpcf7-file\" id=\"file-upload\" accept=\".jpg,.jpeg,.png,.mp4,.mov,.avi,.pdf,.dwg,.dxf,.zip,.kmz,.kml\" aria-invalid=\"false\" type=\"file\" name=\"file-upload\" \/><\/span>\n\t<\/p>\n\t<div id=\"file-name-display\" class=\"form-note\">\n\t\t<p>Nema prilo\u017eenog fajla.\n\t\t<\/p>\n\t<\/div>\n\t<div class=\"form-note\">\n\t\t<p>Za ponudu je dovoljno da nam po\u0161aljete konturu oblasti snimanja u formatu <strong>KML<\/strong>\n\t\t<\/p>\n\t\t<p><small>(za kreiranje konture mo\u017eete koristiti softver <strong>Google Earth<\/strong>).<\/small>\n\t\t<\/p>\n\t<\/div>\n<\/div>\n<div class=\"form-group\">\n\t<p><input class=\"wpcf7-form-control wpcf7-submit has-spinner\" type=\"submit\" value=\"Po\u0161alji\" \/>\n\t<\/p>\n<\/div><div class=\"wpcf7-response-output\" aria-hidden=\"true\"><\/div>\n<\/form>\n<\/div>\n\r\n    <\/div>\r\n  <\/div>\r\n<\/section>\r\n\r\n<!-- STIL ZA DUGME -->\r\n<style>\r\ninput[type=\"submit\"] {\r\n  background-color: #fca611 !important;\r\n  color: white !important;\r\n  font-weight: bold;\r\n  border: none;\r\n  padding: 12px 25px;\r\n  border-radius: 6px;\r\n  cursor: pointer;\r\n  transition: background-color 0.3s;\r\n}\r\ninput[type=\"submit\"]:hover {\r\n  background-color: #e6970f !important;\r\n}\r\n<\/style>\r\n\t\t\t\t<\/div>\n\t\t\t\t<\/div>\n\t\t\t\t\t<\/div>\n\t\t\t\t<\/div>\n\t\t\t\t<\/div>\n\t\t","protected":false},"excerpt":{"rendered":"<p>Kontaktirajte nas Zainteresovani ste za termovizijsko, multispektralno ili vizuelno snimanje dronom? Po\u0161aljite nam upit i odgovori\u0107emo u najkra\u0107em roku. Tako\u0111e smo dostupni i putem WhatsApp-a. Kontakt informacije Mo\u017eete nas kontaktirati putem telefona ili mejla, a za nove projekte i saradnje rado zakazujemo besplatne konsultacije. Pratite nas i na dru\u0161tvenim mre\u017eama kako biste bili u toku [&hellip;]<\/p>\n","protected":false},"author":1,"featured_media":0,"parent":0,"menu_order":0,"comment_status":"closed","ping_status":"closed","template":"","meta":{"footnotes":""},"class_list":["post-121","page","type-page","status-publish","hentry"],"_links":{"self":[{"href":"https:\/\/dronusluge.com\/sr\/wp-json\/wp\/v2\/pages\/121","targetHints":{"allow":["GET"]}}],"collection":[{"href":"https:\/\/dronusluge.com\/sr\/wp-json\/wp\/v2\/pages"}],"about":[{"href":"https:\/\/dronusluge.com\/sr\/wp-json\/wp\/v2\/types\/page"}],"author":[{"embeddable":true,"href":"https:\/\/dronusluge.com\/sr\/wp-json\/wp\/v2\/users\/1"}],"replies":[{"embeddable":true,"href":"https:\/\/dronusluge.com\/sr\/wp-json\/wp\/v2\/comments?post=121"}],"version-history":[{"count":130,"href":"https:\/\/dronusluge.com\/sr\/wp-json\/wp\/v2\/pages\/121\/revisions"}],"predecessor-version":[{"id":1059,"href":"https:\/\/dronusluge.com\/sr\/wp-json\/wp\/v2\/pages\/121\/revisions\/1059"}],"wp:attachment":[{"href":"https:\/\/dronusluge.com\/sr\/wp-json\/wp\/v2\/media?parent=121"}],"curies":[{"name":"wp","href":"https:\/\/api.w.org\/{rel}","templated":true}]}}